{"id":35,"date":"2025-05-29T16:56:33","date_gmt":"2025-05-29T16:56:33","guid":{"rendered":"https:\/\/dicorsa.com.gt\/?page_id=35"},"modified":"2025-06-10T21:38:13","modified_gmt":"2025-06-10T21:38:13","slug":"proyectos","status":"publish","type":"page","link":"https:\/\/dicorsa.com.gt\/?page_id=35","title":{"rendered":"Proyectos"},"content":{"rendered":"\n<div class=\"wp-block-group alignfull has-global-padding is-layout-constrained wp-container-core-group-is-layout-490fa1db wp-block-group-is-layout-constrained\" style=\"padding-top:var(--wp--preset--spacing--50);padding-right:var(--wp--preset--spacing--50);padding-bottom:var(--wp--preset--spacing--50);padding-left:var(--wp--preset--spacing--50)\">\n<div class=\"wp-block-group has-global-padding is-layout-constrained wp-container-core-group-is-layout-650790e1 wp-block-group-is-layout-constrained\">\n<h1 class=\"wp-block-heading has-text-align-center has-x-large-font-size\"><\/h1>\n\n\n\n<div style=\"height:1.25rem\" aria-hidden=\"true\" class=\"wp-block-spacer\"><\/div>\n\n\n\n<div class=\"wp-block-buttons is-content-justification-center is-layout-flex wp-container-core-buttons-is-layout-a89b3969 wp-block-buttons-is-layout-flex\"><\/div>\n<\/div>\n\n\n\n<div style=\"height:var(--wp--preset--spacing--30)\" aria-hidden=\"true\" class=\"wp-block-spacer\"><\/div>\n\n\n\n<figure class=\"wp-block-image alignwide size-full is-style-rounded is-style-rounded--1\"><a href=\"https:\/\/dicorsa.com.gt\/?page_id=110\"><img loading=\"lazy\" decoding=\"async\" width=\"883\" height=\"439\" src=\"https:\/\/dicorsa.com.gt\/wp-content\/uploads\/2025\/06\/complejo-educativo-ciudad-vieja.png\" alt=\"\" class=\"wp-image-76\" srcset=\"https:\/\/dicorsa.com.gt\/wp-content\/uploads\/2025\/06\/complejo-educativo-ciudad-vieja.png 883w, https:\/\/dicorsa.com.gt\/wp-content\/uploads\/2025\/06\/complejo-educativo-ciudad-vieja-300x149.png 300w, https:\/\/dicorsa.com.gt\/wp-content\/uploads\/2025\/06\/complejo-educativo-ciudad-vieja-768x382.png 768w\" sizes=\"auto, (max-width: 883px) 100vw, 883px\" \/><\/a><\/figure>\n\n\n\n<figure class=\"wp-block-image alignwide size-full is-style-rounded is-style-rounded--2\"><a href=\"https:\/\/dicorsa.com.gt\/?page_id=84\"><img loading=\"lazy\" decoding=\"async\" width=\"884\" height=\"439\" src=\"https:\/\/dicorsa.com.gt\/wp-content\/uploads\/2025\/06\/instalaciones-deportivas-ciudad-vieja.png\" alt=\"\" class=\"wp-image-77\" srcset=\"https:\/\/dicorsa.com.gt\/wp-content\/uploads\/2025\/06\/instalaciones-deportivas-ciudad-vieja.png 884w, https:\/\/dicorsa.com.gt\/wp-content\/uploads\/2025\/06\/instalaciones-deportivas-ciudad-vieja-300x149.png 300w, https:\/\/dicorsa.com.gt\/wp-content\/uploads\/2025\/06\/instalaciones-deportivas-ciudad-vieja-768x381.png 768w\" sizes=\"auto, (max-width: 884px) 100vw, 884px\" \/><\/a><\/figure>\n\n\n\n<figure class=\"wp-block-image alignwide size-full is-style-rounded is-style-rounded--3\"><img loading=\"lazy\" decoding=\"async\" width=\"838\" height=\"441\" src=\"https:\/\/dicorsa.com.gt\/wp-content\/uploads\/2025\/06\/salon-eventos-sociales-an-lorenzo.png\" alt=\"\" class=\"wp-image-78\" srcset=\"https:\/\/dicorsa.com.gt\/wp-content\/uploads\/2025\/06\/salon-eventos-sociales-an-lorenzo.png 838w, https:\/\/dicorsa.com.gt\/wp-content\/uploads\/2025\/06\/salon-eventos-sociales-an-lorenzo-300x158.png 300w, https:\/\/dicorsa.com.gt\/wp-content\/uploads\/2025\/06\/salon-eventos-sociales-an-lorenzo-768x404.png 768w\" sizes=\"auto, (max-width: 838px) 100vw, 838px\" \/><\/figure>\n\n\n\n<figure class=\"wp-block-image alignwide size-full is-style-rounded is-style-rounded--4\"><img loading=\"lazy\" decoding=\"async\" width=\"884\" height=\"437\" src=\"https:\/\/dicorsa.com.gt\/wp-content\/uploads\/2025\/06\/Centro-salud-ciudad-vieja.png\" alt=\"\" class=\"wp-image-79\" srcset=\"https:\/\/dicorsa.com.gt\/wp-content\/uploads\/2025\/06\/Centro-salud-ciudad-vieja.png 884w, https:\/\/dicorsa.com.gt\/wp-content\/uploads\/2025\/06\/Centro-salud-ciudad-vieja-300x148.png 300w, https:\/\/dicorsa.com.gt\/wp-content\/uploads\/2025\/06\/Centro-salud-ciudad-vieja-768x380.png 768w\" sizes=\"auto, (max-width: 884px) 100vw, 884px\" \/><\/figure>\n\n\n\n<figure class=\"wp-block-image alignwide size-full is-style-rounded is-style-rounded--5\"><img loading=\"lazy\" decoding=\"async\" width=\"881\" height=\"435\" src=\"https:\/\/dicorsa.com.gt\/wp-content\/uploads\/2025\/06\/escuela-de-parvulos-san-jose-pinula.png\" alt=\"\" class=\"wp-image-80\" srcset=\"https:\/\/dicorsa.com.gt\/wp-content\/uploads\/2025\/06\/escuela-de-parvulos-san-jose-pinula.png 881w, https:\/\/dicorsa.com.gt\/wp-content\/uploads\/2025\/06\/escuela-de-parvulos-san-jose-pinula-300x148.png 300w, https:\/\/dicorsa.com.gt\/wp-content\/uploads\/2025\/06\/escuela-de-parvulos-san-jose-pinula-768x379.png 768w\" sizes=\"auto, (max-width: 881px) 100vw, 881px\" \/><\/figure>\n\n\n\n<figure class=\"wp-block-image alignwide size-full is-style-rounded is-style-rounded--6\"><img loading=\"lazy\" decoding=\"async\" width=\"661\" height=\"438\" src=\"https:\/\/dicorsa.com.gt\/wp-content\/uploads\/2025\/06\/mejoramiento-red-vial.png\" alt=\"Mantenimiento peri\u00f3dico de la red vial \" class=\"wp-image-81\" srcset=\"https:\/\/dicorsa.com.gt\/wp-content\/uploads\/2025\/06\/mejoramiento-red-vial.png 661w, https:\/\/dicorsa.com.gt\/wp-content\/uploads\/2025\/06\/mejoramiento-red-vial-300x199.png 300w\" sizes=\"auto, (max-width: 661px) 100vw, 661px\" \/><\/figure>\n<\/div>\n\n\n\n<div class=\"wp-block-group alignfull has-base-2-background-color has-background has-global-padding is-layout-constrained wp-container-core-group-is-layout-669513ed wp-block-group-is-layout-constrained\" style=\"margin-top:0;margin-bottom:0;padding-top:var(--wp--preset--spacing--50);padding-right:var(--wp--preset--spacing--50);padding-bottom:var(--wp--preset--spacing--50);padding-left:var(--wp--preset--spacing--50)\">\n<div class=\"wp-block-group is-vertical is-content-justification-center is-layout-flex wp-container-core-group-is-layout-52b864f0 wp-block-group-is-layout-flex\">\n<h2 class=\"wp-block-heading has-text-align-center is-style-asterisk\">Pasi\u00f3n por crear espacios<\/h2>\n\n\n\n<div style=\"height:0px\" aria-hidden=\"true\" class=\"wp-block-spacer wp-container-content-4f2ccadb\"><\/div>\n\n\n\n<p class=\"has-text-align-center\">Nuestro amplio conjunto de servicios profesionales atiende a una clientela diversa, desde propietarios de viviendas hasta promotores comerciales.<\/p>\n<\/div>\n\n\n\n<div style=\"margin-top:0;margin-bottom:0;height:var(--wp--preset--spacing--40)\" aria-hidden=\"true\" class=\"wp-block-spacer\"><\/div>\n\n\n\n<div class=\"wp-block-columns alignwide is-layout-flex wp-container-core-columns-is-layout-d0bbbce0 wp-block-columns-is-layout-flex\">\n<div class=\"wp-block-column is-layout-flow wp-container-core-column-is-layout-e3d1c41b wp-block-column-is-layout-flow\">\n<h3 class=\"wp-block-heading has-text-align-left is-style-asterisk has-body-font-family has-medium-font-size\" style=\"font-style:normal;font-weight:600\">Renovaci\u00f3n y restauraci\u00f3n<\/h3>\n\n\n\n<p class=\"has-text-align-left\">Experimenta la fusi\u00f3n de imaginaci\u00f3n y experiencia con Soluciones Arquitect\u00f3nicas \u00c9tudes.<\/p>\n<\/div>\n\n\n\n<div class=\"wp-block-column is-layout-flow wp-container-core-column-is-layout-e3d1c41b wp-block-column-is-layout-flow\">\n<h3 class=\"wp-block-heading has-text-align-left is-style-asterisk has-body-font-family has-medium-font-size\" style=\"font-style:normal;font-weight:600\">Soporte continuo<\/h3>\n\n\n\n<p class=\"has-text-align-left\">Experimenta la fusi\u00f3n de imaginaci\u00f3n y experiencia con Soluciones Arquitect\u00f3nicas \u00c9tudes.<\/p>\n<\/div>\n\n\n\n<div class=\"wp-block-column is-layout-flow wp-container-core-column-is-layout-e3d1c41b wp-block-column-is-layout-flow\">\n<h3 class=\"wp-block-heading has-text-align-left is-style-asterisk has-body-font-family has-medium-font-size\" style=\"font-style:normal;font-weight:600\">Acceso a la aplicaci\u00f3n<\/h3>\n\n\n\n<p class=\"has-text-align-left\">Experimenta la fusi\u00f3n de imaginaci\u00f3n y experiencia con Soluciones Arquitect\u00f3nicas \u00c9tudes.<\/p>\n<\/div>\n<\/div>\n\n\n\n<div style=\"height:var(--wp--preset--spacing--20)\" aria-hidden=\"true\" class=\"wp-block-spacer\"><\/div>\n\n\n\n<div class=\"wp-block-columns alignwide is-layout-flex wp-container-core-columns-is-layout-d0bbbce0 wp-block-columns-is-layout-flex\">\n<div class=\"wp-block-column is-layout-flow wp-container-core-column-is-layout-e3d1c41b wp-block-column-is-layout-flow\">\n<h3 class=\"wp-block-heading has-text-align-left is-style-asterisk has-body-font-family has-medium-font-size\" style=\"font-style:normal;font-weight:600\">Consultor\u00eda<\/h3>\n\n\n\n<p class=\"has-text-align-left\">Experimenta la fusi\u00f3n de imaginaci\u00f3n y experiencia con Soluciones Arquitect\u00f3nicas \u00c9tudes.<\/p>\n<\/div>\n\n\n\n<div class=\"wp-block-column is-layout-flow wp-container-core-column-is-layout-e3d1c41b wp-block-column-is-layout-flow\">\n<h3 class=\"wp-block-heading has-text-align-left is-style-asterisk has-body-font-family has-medium-font-size\" style=\"font-style:normal;font-weight:600\">Gesti\u00f3n de proyectos<\/h3>\n\n\n\n<p class=\"has-text-align-left\">Experimenta la fusi\u00f3n de imaginaci\u00f3n y experiencia con Soluciones Arquitect\u00f3nicas \u00c9tudes.<\/p>\n<\/div>\n\n\n\n<div class=\"wp-block-column is-layout-flow wp-container-core-column-is-layout-e3d1c41b wp-block-column-is-layout-flow\">\n<h3 class=\"wp-block-heading has-text-align-left is-style-asterisk has-body-font-family has-medium-font-size\" style=\"font-style:normal;font-weight:600\">Soluciones arquitect\u00f3nicas<\/h3>\n\n\n\n<p class=\"has-text-align-left\">Experimenta la fusi\u00f3n de imaginaci\u00f3n y experiencia con Soluciones Arquitect\u00f3nicas \u00c9tudes.<\/p>\n<\/div>\n<\/div>\n<\/div>\n","protected":false},"excerpt":{"rendered":"<p>Pasi\u00f3n por crear espacios Nuestro amplio conjunto de servicios profesionales atiende a una clientela diversa, desde propietarios de viviendas hasta promotores comerciales. Renovaci\u00f3n y restauraci\u00f3n Experimenta la fusi\u00f3n de imaginaci\u00f3n y experiencia con Soluciones Arquitect\u00f3nicas \u00c9tudes. Soporte continuo Experimenta la fusi\u00f3n de imaginaci\u00f3n y experiencia con Soluciones Arquitect\u00f3nicas \u00c9tudes. Acceso a la aplicaci\u00f3n Experimenta la [&hellip;]<\/p>\n","protected":false},"author":1,"featured_media":0,"parent":0,"menu_order":0,"comment_status":"closed","ping_status":"closed","template":"","meta":{"footnotes":""},"class_list":["post-35","page","type-page","status-publish","hentry"],"_links":{"self":[{"href":"https:\/\/dicorsa.com.gt\/index.php?rest_route=\/wp\/v2\/pages\/35","targetHints":{"allow":["GET"]}}],"collection":[{"href":"https:\/\/dicorsa.com.gt\/index.php?rest_route=\/wp\/v2\/pages"}],"about":[{"href":"https:\/\/dicorsa.com.gt\/index.php?rest_route=\/wp\/v2\/types\/page"}],"author":[{"embeddable":true,"href":"https:\/\/dicorsa.com.gt\/index.php?rest_route=\/wp\/v2\/users\/1"}],"replies":[{"embeddable":true,"href":"https:\/\/dicorsa.com.gt\/index.php?rest_route=%2Fwp%2Fv2%2Fcomments&post=35"}],"version-history":[{"count":12,"href":"https:\/\/dicorsa.com.gt\/index.php?rest_route=\/wp\/v2\/pages\/35\/revisions"}],"predecessor-version":[{"id":112,"href":"https:\/\/dicorsa.com.gt\/index.php?rest_route=\/wp\/v2\/pages\/35\/revisions\/112"}],"wp:attachment":[{"href":"https:\/\/dicorsa.com.gt\/index.php?rest_route=%2Fwp%2Fv2%2Fmedia&parent=35"}],"curies":[{"name":"wp","href":"https:\/\/api.w.org\/{rel}","templated":true}]}}